{"id":723,"date":"2017-08-24T05:35:12","date_gmt":"2017-08-24T03:35:12","guid":{"rendered":"https:\/\/www.hotelgrande.si\/domov\/"},"modified":"2024-06-02T23:14:59","modified_gmt":"2024-06-02T21:14:59","slug":"home","status":"publish","type":"page","link":"https:\/\/www.hotelgrande.si\/de\/","title":{"rendered":"Home"},"content":{"rendered":"<div class=\"wpb-content-wrapper\"><p>[vc_row][vc_column][vc_single_image image=&#8221;861&#8243; img_size=&#8221;full&#8221; alignment=&#8221;center&#8221; css=&#8221;&#8221;][\/vc_column][\/vc_row][vc_row type=&#8221;full_width_section&#8221; top_padding=&#8221;0&#8243; bottom_padding=&#8221;0&#8243; top_margin=&#8221;0&#8243; bottom_margin=&#8221;0&#8243;][vc_column css=&#8221;.vc_custom_1717362809186{margin-top: 0px !important;margin-right: 0px !important;margin-bottom: 60px !important;margin-left: 0px !important;border-top-width: 0px !important;border-right-width: 0px !important;border-bottom-width: 0px !important;border-left-width: 0px !important;padding-top: 0px !important;padding-right: 0px !important;padding-bottom: 0px !important;padding-left: 0px !important;}&#8221;]\t\t\n\t\t<!-- BEGIN .content-wrapper-outer -->\n\t\t<section class=\"content-wrapper-outer content-wrapper clearfix our-rooms-section our-rooms-section-light\">\n\n\t\t\t<h3>Mit dir seit \u00fcber 10 Jahren!<\/h3>\n\t\t\t<div class=\"title-block-1\"><\/div>\n\n\t\t\t<p class=\"fleet-intro-text\">Das Hotel Grande bietet Ihnen verschiedene Arten von \u00dcbernachtungen mit einem reichhaltigen Fr\u00fchst\u00fccksbuffet. Wir sind nur einen Kilometer vom Export der Autobahn entfernt, in unmittelbarer N\u00e4he des Messegel\u00e4ndes Celje, der Einkaufszentren und der Industriezone.<\/p>\n\n\t\t\t<!-- BEGIN .rooms-block-wrapper -->\n\t\t\t<div class=\"owl-carousel1 rooms-block-wrapper\">\n\n\t\t\t\t\n\t\t\t\t\t\t<!-- BEGIN .rooms-block -->\n\t\t\t\t\t\t<div class=\"rooms-block\">\n\n\t\t\t\t\t\t\t<div class=\"rooms-block-image\">\n\t\t\t\t\t\t\t\t\n\t\t\t\t\t\t\t\t\n\t\t\t\t\t\t\t\t\t\t\t\t\t\t\t\t\n\t\t\t\t\t\t\t\t\t\t\t\t\t\t\t\t\t<a href=\"https:\/\/www.hotelgrande.si\/de\/accommodation\/dreibettzimmer\/\" rel=\"bookmark\" title=\"Dreibettzimmer\">\n\t\t\t\t\t\t\t\t\t\t\t\t\t\t\t\t\t\t\t\t<img decoding=\"async\" src=\"https:\/\/www.hotelgrande.si\/wp-content\/uploads\/2018\/02\/enojni-postelji-02-600x370.jpg\" alt=\"\" \/>\t\t\t\t\t\t\t\t\t<\/a>\n\t\t\t\t\t\t\t\t\t\t\t\t\t\t\t\t\n\t\t\t\t\t\t\t<\/div>\n\n\t\t\t\t\t\t\t<div class=\"rooms-block-content\">\n\t\t\t\t\t\t\t\t<h4><a href=\"https:\/\/www.hotelgrande.si\/de\/accommodation\/dreibettzimmer\/\" rel=\"bookmark\" title=\"Dreibettzimmer\">Dreibettzimmer<\/a><\/h4>\n\t\t\t\t\t\t\t\t<div class=\"title-block-2\"><\/div>\n\t\t\t\t\t\t\t\t\n\t\t\t\t\t\t\t\t\t\t\t\t\t\t\t\t\n\t\t\t\t\t\t\t\t<ul class=\"list-style4\"><li><span>G\u00e4ste:<\/span> 3<\/li><li><span>Zimmergr\u00f6\u00dfe:<\/span> 25 m2<\/li><li><span>Fr\u00fchst\u00fcck:<\/span> Inbegriffen<\/li><\/ul><ul class=\"list-style4\"><li><span>WiFi:<\/span> Ja<\/li><li><span>Klimaanlage:<\/span> Ja<\/li><li><span>Preis:<\/span> 126,50 \u20ac <span style=\"white-space: pre; font-size: small\">(Zimmer 119,00 \u20ac + 3x Steuer 2,00 \u20ac + <br \/>3x Aktionssteuer 0,50 \u20ac)<\/span><\/ li><\/ul><div class=\"clearboth\"><\/div>\t\t\t\t\t\t\t\t<a href=\"https:\/\/www.hotelgrande.si\/de\/accommodation\/dreibettzimmer\/\" class=\"view-details-button\">Details anzeigen <i class=\"fa fa-angle-right\"><\/i><\/a>\n\t\t\t\t\t\t\t<\/div>\n\t\t\t\t\t\t<!-- END .rooms-block -->\n\t\t\t\t\t\t<\/div>\n\n\t\t\t\t\n\t\t\t\t\t\t<!-- BEGIN .rooms-block -->\n\t\t\t\t\t\t<div class=\"rooms-block\">\n\n\t\t\t\t\t\t\t<div class=\"rooms-block-image\">\n\t\t\t\t\t\t\t\t\n\t\t\t\t\t\t\t\t\n\t\t\t\t\t\t\t\t\t\t\t\t\t\t\t\t\n\t\t\t\t\t\t\t\t\t\t\t\t\t\t\t\t\t<a href=\"https:\/\/www.hotelgrande.si\/de\/accommodation\/superior-doppelzimmer\/\" rel=\"bookmark\" title=\"Superior Doppelzimmer\">\n\t\t\t\t\t\t\t\t\t\t\t\t\t\t\t\t\t\t\t\t<img decoding=\"async\" src=\"https:\/\/www.hotelgrande.si\/wp-content\/uploads\/2018\/02\/dvoposteljna-superior-01-600x370.jpg\" alt=\"\" \/>\t\t\t\t\t\t\t\t\t<\/a>\n\t\t\t\t\t\t\t\t\t\t\t\t\t\t\t\t\n\t\t\t\t\t\t\t<\/div>\n\n\t\t\t\t\t\t\t<div class=\"rooms-block-content\">\n\t\t\t\t\t\t\t\t<h4><a href=\"https:\/\/www.hotelgrande.si\/de\/accommodation\/superior-doppelzimmer\/\" rel=\"bookmark\" title=\"Superior Doppelzimmer\">Superior Doppelzimmer<\/a><\/h4>\n\t\t\t\t\t\t\t\t<div class=\"title-block-2\"><\/div>\n\t\t\t\t\t\t\t\t\n\t\t\t\t\t\t\t\t\t\t\t\t\t\t\t\t\n\t\t\t\t\t\t\t\t<ul class=\"list-style4\"><li><span>G\u00e4ste:<\/span> 2<\/li><li><span>Zimmergr\u00f6\u00dfe:<\/span> 25 m2<\/li><li><span>Fr\u00fchst\u00fcck:<\/span> Inbegriffen<\/li><\/ul><ul class=\"list-style4\"><li><span>WiFi:<\/span> Ja<\/li><li><span>Jakuzzi:<\/span> Ja<\/li><li><span>Preis:<\/span> 143,00 \u20ac <span style=\"white-space: pre; font-size: small\">(Zimmer 138,00 \u20ac + 2x Steuer 2,00 \u20ac + <br \/>2x Aktionssteuer 0,50 \u20ac)<\/span><\/ li><\/ul><div class=\"clearboth\"><\/div>\t\t\t\t\t\t\t\t<a href=\"https:\/\/www.hotelgrande.si\/de\/accommodation\/superior-doppelzimmer\/\" class=\"view-details-button\">Details anzeigen <i class=\"fa fa-angle-right\"><\/i><\/a>\n\t\t\t\t\t\t\t<\/div>\n\t\t\t\t\t\t<!-- END .rooms-block -->\n\t\t\t\t\t\t<\/div>\n\n\t\t\t\t\n\t\t\t\t\t\t<!-- BEGIN .rooms-block -->\n\t\t\t\t\t\t<div class=\"rooms-block\">\n\n\t\t\t\t\t\t\t<div class=\"rooms-block-image\">\n\t\t\t\t\t\t\t\t\n\t\t\t\t\t\t\t\t\n\t\t\t\t\t\t\t\t\t\t\t\t\t\t\t\t\n\t\t\t\t\t\t\t\t\t\t\t\t\t\t\t\t\t<a href=\"https:\/\/www.hotelgrande.si\/de\/accommodation\/doppelzimmer\/\" rel=\"bookmark\" title=\"Doppelzimmer\">\n\t\t\t\t\t\t\t\t\t\t\t\t\t\t\t\t\t\t\t\t<img decoding=\"async\" src=\"https:\/\/www.hotelgrande.si\/wp-content\/uploads\/2018\/02\/dvoposteljna-04-600x370.jpg\" alt=\"\" \/>\t\t\t\t\t\t\t\t\t<\/a>\n\t\t\t\t\t\t\t\t\t\t\t\t\t\t\t\t\n\t\t\t\t\t\t\t<\/div>\n\n\t\t\t\t\t\t\t<div class=\"rooms-block-content\">\n\t\t\t\t\t\t\t\t<h4><a href=\"https:\/\/www.hotelgrande.si\/de\/accommodation\/doppelzimmer\/\" rel=\"bookmark\" title=\"Doppelzimmer\">Doppelzimmer<\/a><\/h4>\n\t\t\t\t\t\t\t\t<div class=\"title-block-2\"><\/div>\n\t\t\t\t\t\t\t\t\n\t\t\t\t\t\t\t\t\t\t\t\t\t\t\t\t\n\t\t\t\t\t\t\t\t<ul class=\"list-style4\"><li><span>G\u00e4ste:<\/span> 2<\/li><li><span>Zimmergr\u00f6\u00dfe:<\/span> 20 m2<\/li><li><span>Fr\u00fchst\u00fcck:<\/span> Inbegriffen<\/li><\/ul><ul class=\"list-style4\"><li><span>WiFi:<\/span> Ja<\/li><li><span>Klimaanlage:<\/span> Ja<\/li><li><span>Preis:<\/span> \u20ac80<\/li><\/ul><div class=\"clearboth\"><\/div>\t\t\t\t\t\t\t\t<a href=\"https:\/\/www.hotelgrande.si\/de\/accommodation\/doppelzimmer\/\" class=\"view-details-button\">Details anzeigen <i class=\"fa fa-angle-right\"><\/i><\/a>\n\t\t\t\t\t\t\t<\/div>\n\t\t\t\t\t\t<!-- END .rooms-block -->\n\t\t\t\t\t\t<\/div>\n\n\t\t\t\t\n\t\t\t\t\t\t<!-- BEGIN .rooms-block -->\n\t\t\t\t\t\t<div class=\"rooms-block\">\n\n\t\t\t\t\t\t\t<div class=\"rooms-block-image\">\n\t\t\t\t\t\t\t\t\n\t\t\t\t\t\t\t\t\n\t\t\t\t\t\t\t\t\t\t\t\t\t\t\t\t\n\t\t\t\t\t\t\t\t\t\t\t\t\t\t\t\t\t<a href=\"https:\/\/www.hotelgrande.si\/de\/accommodation\/zweibettzimmer\/\" rel=\"bookmark\" title=\"Zweibettzimmer\">\n\t\t\t\t\t\t\t\t\t\t\t\t\t\t\t\t\t\t\t\t<img decoding=\"async\" src=\"https:\/\/www.hotelgrande.si\/wp-content\/uploads\/2018\/02\/enojni-postelji-04-600x370.jpg\" alt=\"\" \/>\t\t\t\t\t\t\t\t\t<\/a>\n\t\t\t\t\t\t\t\t\t\t\t\t\t\t\t\t\n\t\t\t\t\t\t\t<\/div>\n\n\t\t\t\t\t\t\t<div class=\"rooms-block-content\">\n\t\t\t\t\t\t\t\t<h4><a href=\"https:\/\/www.hotelgrande.si\/de\/accommodation\/zweibettzimmer\/\" rel=\"bookmark\" title=\"Zweibettzimmer\">Zweibettzimmer<\/a><\/h4>\n\t\t\t\t\t\t\t\t<div class=\"title-block-2\"><\/div>\n\t\t\t\t\t\t\t\t\n\t\t\t\t\t\t\t\t\t\t\t\t\t\t\t\t\n\t\t\t\t\t\t\t\t<ul class=\"list-style4\"><li><span>G\u00e4ste:<\/span> 2<\/li><li><span>Zimmergr\u00f6\u00dfe:<\/span> 17 m2<\/li><li><span>Fr\u00fchst\u00fcck:<\/span> Inbegriffen<\/li><\/ul><ul class=\"list-style4\"><li><span>WiFi:<\/span> Ja<\/li><li><span>Klimaanlage:<\/span> Ja<\/li><li><span>Preis:<\/span> 88,00 \u20ac <span style=\"white-space: pre; font-size: small\">(Zimmer 83,00 \u20ac + 2x Steuer 2,00 \u20ac + <br \/>2x Aktionssteuer 0,50 \u20ac)<\/span><\/ li><\/ul><div class=\"clearboth\"><\/div>\t\t\t\t\t\t\t\t<a href=\"https:\/\/www.hotelgrande.si\/de\/accommodation\/zweibettzimmer\/\" class=\"view-details-button\">Details anzeigen <i class=\"fa fa-angle-right\"><\/i><\/a>\n\t\t\t\t\t\t\t<\/div>\n\t\t\t\t\t\t<!-- END .rooms-block -->\n\t\t\t\t\t\t<\/div>\n\n\t\t\t\t\t\t\n\t\t\t<!-- END .rooms-block-wrapper -->\n\t\t\t<\/div>\n\n\t\t<!-- END .content-wrapper-outer -->\n\t\t<\/section>\n\t\t\n\t[\/vc_column][\/vc_row][vc_row type=&#8221;full_width_section&#8221; top_padding=&#8221;0&#8243; bottom_padding=&#8221;0&#8243; top_margin=&#8221;0&#8243; bottom_margin=&#8221;0&#8243;][vc_column css=&#8221;.vc_custom_1498047271696{margin-top: 0px !important;margin-right: 0px !important;margin-bottom: 0px !important;margin-left: 0px !important;border-top-width: 0px !important;border-right-width: 0px !important;border-bottom-width: 0px !important;border-left-width: 0px !important;padding-top: 0px !important;padding-right: 0px !important;padding-bottom: 0px !important;padding-left: 0px !important;}&#8221;]<!-- BEGIN .content-wrapper-outer -->\n\t<section class=\".content-wrapper-outer clearfix call-to-action-1-section lazyload\" style=\"background:url(https:\/\/www.hotelgrande.si\/wp-includes\/images\/blank.gif) no-repeat center top;\" data-background=\"https:\/\/www.hotelgrande.si\/wp-content\/uploads\/2018\/02\/test-booking-homepage-min-1.jpg\">\n\n\t\t<div class=\"call-to-action-1-section-inner\">\n\n\t\t\t<h3>Buchen Sie heute und holen Sie sich einen erholsamen und hochwertigen Urlaub!<\/h3>\n\t\t\t<a href=\"https:\/\/www.hotelgrande.si\/de\/buchungen\/\" class=\"button0\">Buchen Sie jetzt<i class=\"fa fa-angle-right\"><\/i><\/a>\n\n\t\t<\/div>\n\n\t<!-- END .content-wrapper-outer -->\n\t<\/section>[\/vc_column][\/vc_row][vc_row][vc_column width=&#8221;1\/2&#8243;]<h3 class=\"center-title\">Fotogallerie<\/h3><div class=\"title-block-1\"><\/div>[vc_column_text css=&#8221;&#8221;]<\/p>\n\n\t\t<div id='gallery-1' class='gallery galleryid-735 gallery-columns-3 gallery-size-thumbnail'><div class='gallery-item'><div class='gallery-icon'><a href=\"https:\/\/www.hotelgrande.si\/wp-content\/uploads\/2018\/02\/X5F9468.jpg\" data-gal=\"prettyPhoto[gallery-1]\" title=\"X5F9468\"><img decoding=\"async\" src=\"https:\/\/www.hotelgrande.si\/wp-content\/uploads\/2018\/02\/X5F9468.jpg\" alt=\"\" \/><\/a><\/div><\/div><div class='gallery-item'><div class='gallery-icon'><a href=\"https:\/\/www.hotelgrande.si\/wp-content\/uploads\/2018\/02\/X5F9520.jpg\" data-gal=\"prettyPhoto[gallery-1]\" title=\"X5F9520\"><img decoding=\"async\" src=\"https:\/\/www.hotelgrande.si\/wp-content\/uploads\/2018\/02\/X5F9520.jpg\" alt=\"\" \/><\/a><\/div><\/div><div class='gallery-item'><div class='gallery-icon'><a href=\"https:\/\/www.hotelgrande.si\/wp-content\/uploads\/2018\/02\/X5F9567.jpg\" data-gal=\"prettyPhoto[gallery-1]\" title=\"X5F9567\"><img decoding=\"async\" src=\"https:\/\/www.hotelgrande.si\/wp-content\/uploads\/2018\/02\/X5F9567.jpg\" alt=\"\" \/><\/a><\/div><\/div><div class='gallery-item'><div class='gallery-icon'><a href=\"https:\/\/www.hotelgrande.si\/wp-content\/uploads\/2018\/02\/X5F9576.jpg\" data-gal=\"prettyPhoto[gallery-1]\" title=\"X5F9576\"><img decoding=\"async\" src=\"https:\/\/www.hotelgrande.si\/wp-content\/uploads\/2018\/02\/X5F9576.jpg\" alt=\"\" \/><\/a><\/div><\/div><div class='gallery-item'><div class='gallery-icon'><a href=\"https:\/\/www.hotelgrande.si\/wp-content\/uploads\/2018\/02\/X5F9581.jpg\" data-gal=\"prettyPhoto[gallery-1]\" title=\"X5F9581\"><img decoding=\"async\" src=\"https:\/\/www.hotelgrande.si\/wp-content\/uploads\/2018\/02\/X5F9581.jpg\" alt=\"\" \/><\/a><\/div><\/div><div class='gallery-item'><div class='gallery-icon'><a href=\"https:\/\/www.hotelgrande.si\/wp-content\/uploads\/2018\/02\/X5F9602.jpg\" data-gal=\"prettyPhoto[gallery-1]\" title=\"X5F9602\"><img decoding=\"async\" src=\"https:\/\/www.hotelgrande.si\/wp-content\/uploads\/2018\/02\/X5F9602.jpg\" alt=\"\" \/><\/a><\/div><\/div><div class='gallery-item'><div class='gallery-icon'><a href=\"https:\/\/www.hotelgrande.si\/wp-content\/uploads\/2018\/02\/X5F9622.jpg\" data-gal=\"prettyPhoto[gallery-1]\" title=\"X5F9622\"><img decoding=\"async\" src=\"https:\/\/www.hotelgrande.si\/wp-content\/uploads\/2018\/02\/X5F9622.jpg\" alt=\"\" \/><\/a><\/div><\/div><div class='gallery-item'><div class='gallery-icon'><a href=\"https:\/\/www.hotelgrande.si\/wp-content\/uploads\/2018\/02\/X5F9688.jpg\" data-gal=\"prettyPhoto[gallery-1]\" title=\"X5F9688\"><img decoding=\"async\" src=\"https:\/\/www.hotelgrande.si\/wp-content\/uploads\/2018\/02\/X5F9688.jpg\" alt=\"\" \/><\/a><\/div><\/div><div class='gallery-item'><div class='gallery-icon'><a href=\"https:\/\/www.hotelgrande.si\/wp-content\/uploads\/2018\/02\/X5F9701.jpg\" data-gal=\"prettyPhoto[gallery-1]\" title=\"X5F9701\"><img decoding=\"async\" src=\"https:\/\/www.hotelgrande.si\/wp-content\/uploads\/2018\/02\/X5F9701.jpg\" alt=\"\" \/><\/a><\/div><\/div><div class='gallery-item'><div class='gallery-icon'><a href=\"https:\/\/www.hotelgrande.si\/wp-content\/uploads\/2018\/02\/X5F9737.jpg\" data-gal=\"prettyPhoto[gallery-1]\" title=\"X5F9737\"><img decoding=\"async\" src=\"https:\/\/www.hotelgrande.si\/wp-content\/uploads\/2018\/02\/X5F9737.jpg\" alt=\"\" \/><\/a><\/div><\/div><div class='gallery-item'><div class='gallery-icon'><a href=\"https:\/\/www.hotelgrande.si\/wp-content\/uploads\/2018\/02\/X5F9750.jpg\" data-gal=\"prettyPhoto[gallery-1]\" title=\"X5F9750\"><img decoding=\"async\" src=\"https:\/\/www.hotelgrande.si\/wp-content\/uploads\/2018\/02\/X5F9750.jpg\" alt=\"\" \/><\/a><\/div><\/div><div class='gallery-item'><div class='gallery-icon'><a href=\"https:\/\/www.hotelgrande.si\/wp-content\/uploads\/2018\/02\/X5F9773.jpg\" data-gal=\"prettyPhoto[gallery-1]\" title=\"X5F9773\"><img decoding=\"async\" src=\"https:\/\/www.hotelgrande.si\/wp-content\/uploads\/2018\/02\/X5F9773.jpg\" alt=\"\" \/><\/a><\/div><\/div><div class='gallery-item'><div class='gallery-icon'><a href=\"https:\/\/www.hotelgrande.si\/wp-content\/uploads\/2018\/02\/X5F9802.jpg\" data-gal=\"prettyPhoto[gallery-1]\" title=\"X5F9802\"><img decoding=\"async\" src=\"https:\/\/www.hotelgrande.si\/wp-content\/uploads\/2018\/02\/X5F9802.jpg\" alt=\"\" \/><\/a><\/div><\/div><div class='gallery-item'><div class='gallery-icon'><a href=\"https:\/\/www.hotelgrande.si\/wp-content\/uploads\/2018\/02\/X5F9818.jpg\" data-gal=\"prettyPhoto[gallery-1]\" title=\"X5F9818\"><img decoding=\"async\" src=\"https:\/\/www.hotelgrande.si\/wp-content\/uploads\/2018\/02\/X5F9818.jpg\" alt=\"\" \/><\/a><\/div><\/div><div class='gallery-item'><div class='gallery-icon'><a href=\"https:\/\/www.hotelgrande.si\/wp-content\/uploads\/2018\/02\/IMG_7004.jpg\" data-gal=\"prettyPhoto[gallery-1]\" title=\"IMG 7004\"><img decoding=\"async\" src=\"https:\/\/www.hotelgrande.si\/wp-content\/uploads\/2018\/02\/IMG_7004.jpg\" alt=\"\" \/><\/a><\/div><\/div>\n\t\t\t<br style='clear: both;' \/>\n\t\t<\/div>\n\n<p>[\/vc_column_text][\/vc_column][vc_column width=&#8221;1\/2&#8243;]\t\n\t\n\t\n\t\t\t\t\t\n\t\t\t<h3 class=\"center-title\">Unsere G\u00e4ste sagen \u00fcber uns<\/h3>\n\t\t\t<div class=\"title-block-1\"><\/div>\n\t\t\t\n\t\t\n\t\t<!-- BEGIN .testimonial-wrapper-outer -->\n\t\t<div class=\"testimonial-wrapper-outer\">\n\n\t\t\t<!-- BEGIN .testimonial-list-wrapper -->\n\t\t\t<div class=\"testimonial-list-wrapper owl-carousel3\">\n\n\t\t\t\t\n\t\t\t\t\t\n\t\t\t\t\t<!-- BEGIN .testimonial-wrapper -->\n\t\t\t\t\t<div class=\"testimonial-wrapper\">\n\t\t\t\t\t\t\n\t\t\t\t\t\t\t\t\t\t\t\t\n\t\t\t\t\t\t<div><span class=\"qns-open-quote\">\u201c<\/span>Osebje je bilo hitro odzivno in prijazno,\u00a0zajtrk je bil odli\u010den, parkiri\u0161\u010de je vedno prosto, trgovine in restavracije pa so zelo blizu. Pripo...<span class=\"qns-close-quote\">\u201d<\/span><\/div>\n\n\t\t\t\t\t\t\n\t\t\t\t\t\t\t<div class=\"testimonial-image\">\n\t\t\t\t\t\t\t\t\t\t\t\t\t\t\t\t<img decoding=\"async\" src=\"https:\/\/www.hotelgrande.si\/wp-content\/uploads\/2017\/08\/05.jpg\" alt=\"\" \/>\t\t\t\t\t\t\t<\/div>\n\n\t\t\t\t\t\t\n\t\t\t\t\t\t<div class=\"testimonial-author\"><p>Vito (SLO) - <\/p><\/div>\n\n\t\t\t\t\t<!-- END .testimonial-wrapper -->\n\t\t\t\t\t<\/div>\n\n\t\t\t\t\n\t\t\t\t\t\n\t\t\t\t\t<!-- BEGIN .testimonial-wrapper -->\n\t\t\t\t\t<div class=\"testimonial-wrapper\">\n\t\t\t\t\t\t\n\t\t\t\t\t\t\t\t\t\t\t\t\n\t\t\t\t\t\t<div><span class=\"qns-open-quote\">\u201c<\/span>Uns haben die altert\u00fcmlichen M\u00f6bel und Bilder gefallen. Den Gang zu den Zimmern fanden die Kinder allerdings etwas gruselig, da recht schwach b...<span class=\"qns-close-quote\">\u201d<\/span><\/div>\n\n\t\t\t\t\t\t\n\t\t\t\t\t\t\t<div class=\"testimonial-image\">\n\t\t\t\t\t\t\t\t\t\t\t\t\t\t\t\t<img decoding=\"async\" src=\"https:\/\/www.hotelgrande.si\/wp-content\/uploads\/2017\/08\/05-2.jpg\" alt=\"\" \/>\t\t\t\t\t\t\t<\/div>\n\n\t\t\t\t\t\t\n\t\t\t\t\t\t<div class=\"testimonial-author\"><p>J\u00f6rg (NEM) - <\/p><\/div>\n\n\t\t\t\t\t<!-- END .testimonial-wrapper -->\n\t\t\t\t\t<\/div>\n\n\t\t\t\t\n\t\t\t\t\t\n\t\t\t\t\t<!-- BEGIN .testimonial-wrapper -->\n\t\t\t\t\t<div class=\"testimonial-wrapper\">\n\t\t\t\t\t\t\n\t\t\t\t\t\t\t\t\t\t\t\t\n\t\t\t\t\t\t<div><span class=\"qns-open-quote\">\u201c<\/span>Bed was very comfortable, and was an actual double not 2 singles pushed together. I like that there is a lounge\/common type room for travelers....<span class=\"qns-close-quote\">\u201d<\/span><\/div>\n\n\t\t\t\t\t\t\n\t\t\t\t\t\t\t<div class=\"testimonial-image\">\n\t\t\t\t\t\t\t\t\t\t\t\t\t\t\t\t<img decoding=\"async\" src=\"https:\/\/www.hotelgrande.si\/wp-content\/uploads\/2017\/08\/05-2.jpg\" alt=\"\" \/>\t\t\t\t\t\t\t<\/div>\n\n\t\t\t\t\t\t\n\t\t\t\t\t\t<div class=\"testimonial-author\"><p>Barbara (AUS) - <\/p><\/div>\n\n\t\t\t\t\t<!-- END .testimonial-wrapper -->\n\t\t\t\t\t<\/div>\n\n\t\t\t\t\n\t\t\t<!-- END .testimonial-list-wrapper -->\n\t\t\t<\/div>\n\n\t\t<!-- END .testimonial-wrapper-outer -->\n\t\t<\/div>\n\t\n\n\t\n\t[\/vc_column][\/vc_row][vc_row type=&#8221;full_width_section&#8221; bottom_margin=&#8221;30&#8243;][vc_column css=&#8221;.vc_custom_1497416836794{margin-right: 0px !important;margin-left: 0px !important;border-right-width: 0px !important;border-left-width: 0px !important;padding-right: 0px !important;padding-left: 0px !important;}&#8221;]<!-- BEGIN .call-to-action-2-section -->\n\t\t\t<section class=\"clearfix call-to-action-2-section lazyload\" style=\"background:url(https:\/\/www.hotelgrande.si\/wp-includes\/images\/blank.gif) no-repeat center top;\" data-background=\"https:\/\/www.hotelgrande.si\/wp-content\/uploads\/2018\/02\/test-booking-homepage3-min.jpg\">\n\n\t\t\t\t<div class=\"call-to-action-2-section-inner\">\n\n\t\t\t\t\t<h3>Buchen Sie heute und holen Sie sich einen erholsamen und hochwertigen Urlaub!<\/h3>\n\t\t\t\t\t<div class=\"title-block-4\"><\/div>\n\t\t\t\t\t<p>Rufen Sie jetzt <strong>(+386) (0)3 42 55 100<\/strong> oder senden Sie uns eine E-Mail <strong>hotelgrande.celje@siol.com<\/strong><\/p>\n\t\t\t\t\t<a href=\"https:\/\/www.hotelgrande.si\/de\/buchungen\/\" class=\"button0\">Buchen Sie jetzt<i class=\"fa fa-angle-right\"><\/i><\/a>\n\n\t\t\t\t<\/div>\n\n\t\t\t<!-- END .call-to-action-2-section -->\n\t\t\t<\/section>[\/vc_column][\/vc_row]<\/p>\n<\/div>","protected":false},"excerpt":{"rendered":"<p>[vc_row][vc_column][vc_single_image image=&#8221;861&#8243; img_size=&#8221;full&#8221; alignment=&#8221;center&#8221; css=&#8221;&#8221;][\/vc_column][\/vc_row][vc_row type=&#8221;full_width_section&#8221; top_padding=&#8221;0&#8243; bottom_padding=&#8221;0&#8243; top_margin=&#8221;0&#8243; bottom_margin=&#8221;0&#8243;][vc_column css=&#8221;.vc_custom_1717362809186{margin-top: 0px !important;margin-right: 0px !important;margin-bottom: 60px !important;margin-left: 0px !important;border-top-width: 0px !important;border-right-width: 0px !important;border-bottom-width: 0px !important;border-left-width: 0px !important;padding-top: 0px !important;padding-right: 0px !important;padding-bottom: 0px !important;padding-left: 0px !important;}&#8221;][\/vc_column][\/vc_row][vc_row type=&#8221;full_width_section&#8221; top_padding=&#8221;0&#8243; bottom_padding=&#8221;0&#8243; top_margin=&#8221;0&#8243; bottom_margin=&#8221;0&#8243;][vc_column css=&#8221;.vc_custom_1498047271696{margin-top: 0px !important;margin-right: 0px !important;margin-bottom: 0px !important;margin-left: 0px !important;border-top-width: 0px !important;border-right-width: 0px !important;border-bottom-width: 0px !important;border-left-width:<\/p>\n<a href=\"https:\/\/www.hotelgrande.si\/de\/testimonials\/barbara\/\" class=\"more-link\">Read More<\/a>","protected":false},"author":3,"featured_media":0,"parent":0,"menu_order":0,"comment_status":"closed","ping_status":"closed","template":"","meta":{"footnotes":""},"class_list":["post-723","page","type-page","status-publish","hentry"],"_links":{"self":[{"href":"https:\/\/www.hotelgrande.si\/de\/wp-json\/wp\/v2\/pages\/723","targetHints":{"allow":["GET"]}}],"collection":[{"href":"https:\/\/www.hotelgrande.si\/de\/wp-json\/wp\/v2\/pages"}],"about":[{"href":"https:\/\/www.hotelgrande.si\/de\/wp-json\/wp\/v2\/types\/page"}],"author":[{"embeddable":true,"href":"https:\/\/www.hotelgrande.si\/de\/wp-json\/wp\/v2\/users\/3"}],"replies":[{"embeddable":true,"href":"https:\/\/www.hotelgrande.si\/de\/wp-json\/wp\/v2\/comments?post=723"}],"version-history":[{"count":2,"href":"https:\/\/www.hotelgrande.si\/de\/wp-json\/wp\/v2\/pages\/723\/revisions"}],"predecessor-version":[{"id":2113,"href":"https:\/\/www.hotelgrande.si\/de\/wp-json\/wp\/v2\/pages\/723\/revisions\/2113"}],"wp:attachment":[{"href":"https:\/\/www.hotelgrande.si\/de\/wp-json\/wp\/v2\/media?parent=723"}],"curies":[{"name":"wp","href":"https:\/\/api.w.org\/{rel}","templated":true}]}}